  
{"id":26220,"date":"2025-05-08T11:22:54","date_gmt":"2025-05-08T09:22:54","guid":{"rendered":"https:\/\/norfundweb.wpenginepowered.com\/climate-investment-fund\/"},"modified":"2025-12-01T12:42:53","modified_gmt":"2025-12-01T11:42:53","slug":"climate-investment-fund","status":"publish","type":"page","link":"https:\/\/www.norfund.no\/no\/climate-investment-fund\/","title":{"rendered":"Klimainvesteringsfondet"},"content":{"rendered":"\n<section id=\"acf-subpage-hero-block_8f3dcfdad84eeba752858afe8fb3047c\" class=\"block-section subpage-hero banner-margin wp-block-acf-subpage-hero\">\n\n\n\t\t\t\t\t<div class=\"image-wrapper\" style='background-image: url(https:\/\/www.norfund.no\/wp-content\/uploads\/2025\/08\/53465262441_a232f05854_o-1-2560x1706.jpg);background-position: top 0 ;'><\/div>\n\t\t\n\t\t\n\t\t\n\n\n\t\n\t\t<div class=\"block-section-wrapper element-width--full \">\n\t\t\t<div class=\"hero-content-with-backgound\" data-aos=\"fade-up\" data-aos-duration=\"500\" data-aos-delay=\"200\">\n\n\t\t\t\t\t\t\t\t\t<div class=\"hero-title full\" tabindex=\"0\">\n\t\t\t\t\t\t<h2 class=\"heading-size-large\">Klimainvesteringsfondet<\/h2>\n\t\t\t\t\t<\/div>\n\t\t\t\t\n\t\t\t\t\t\t\t\t\t<div class=\"small-text\" tabindex=\"0\">\n\t\t\t\t\t\t<p>Investere i overgangen til netto null<\/p>\n\t\t\t\t\t<\/div>\n\t\t\t\t\n\t\t\t<\/div>\n\t\t<\/div>\n\t\n<\/section>\n\n\n<section id=\"acf-article-block_5f1d69843531f64c42c1b8058c2ce159\" class=\"block-section article block--less-spacing-top block--less-spacing-bottom wp-block-acf-article\">\n\t<div class=\"block-section-wrapper element-width--wide\" data-aos=\"fade-up\" data-aos-duration=\"500\" data-aos-delay=\"300\">\n\t\t<div class=\"acf-innerblocks-container\">\n\n<h3 class=\"wp-block-heading heading-size-normal\">Ved \u00e5 investere i fornybar energi, lagring og transmisjon har Klimainvesteringsfondet som m\u00e5l \u00e5 maksimere unng\u00e5tte utslipp i fremvoksende markeder med store utslipp fra kull og annen fossil kraftproduksjon.<\/h3>\n\n\n\n<p>Klimainvesteringsfondet er Norges viktigste virkemiddel for \u00e5 akselerere den globale energiomstillingen. Fornybar energi har v\u00e6rt et kjerneomr\u00e5de for Norfund helt siden oppstarten. I 2022 ga regjeringen Norfund ansvaret for \u00e5 forvalte Klimainvesteringsfondet og dermed et dedikert klimamandat. Mens vi fortsatt investerer i fornybar energi under utviklingsmandatet v\u00e5rt for \u00e5 skape arbeidsplasser og redusere fattigdom, er klimamandatet spesifikt rettet mot \u00e5 maksimere unng\u00e5tte utslipp.<\/p>\n\n<\/div>\n\t<\/div>\n<\/section>\n\n\n\n<section id=\"acf-box-over-wide-image-block_6a2153630773020c6f3793e2023e14c5\" data-anchor-title=\"Ambisjoner\"class=\"block-section box-over-wide-image block--less-spacing-top block--less-spacing-bottom wp-block-acf-box-over-wide-image\">\n\t<div class=\"background is-desktop bottom\"\n\t\tstyle=\"background-image: url(https:\/\/www.norfund.no\/wp-content\/uploads\/2025\/08\/53465399618_7c66e12749_o-2560x1704.jpg); background-position: center calc(50% + 80px); data-aos=\"fade-up\" data-aos-duration=\"500\" data-aos-delay=\"200\">\n\t\t\n\t\t<div class=\"block-section-wrapper element-width--full container\">\n\t\t\t<div class=\"investment-box right\" tabindex=\"0\" data-aos=\"fade-up\" data-aos-duration=\"500\" data-aos-delay=\"400\">\n\t\t\t\t\t\t\t\t\t<h2 class=\"heading-size-normal\">Ambisjoner<\/h2>\n\t\t\t\t\t\t\t\t\t\t\t\t\t<div class=\"text-container\"><p data-start=\"0\" data-end=\"67\">I strategien v\u00e5r for 2022\u20132026 har vi definert f\u00f8lgende ambisjoner:<\/p>\n<ul>\n<li data-start=\"69\" data-end=\"210\">9 GW ny fornybar energikapasitet finansiert<\/li>\n<li data-start=\"69\" data-end=\"210\">14 millioner tonn CO\u2082 unng\u00e5tt per \u00e5r (tilsvarende 30 prosent av Norges \u00e5rlige klimagassutslipp)<\/li>\n<\/ul>\n<\/div>\n\t\t\t\t\t\t\t\t\t\t\t\t\t<a class=\"stm-button link-btn\" href=\"https:\/\/www.norfund.no\/annualreport-2024\/climate-mandate\/investing-in-the-transition-to-net-zero\/\" target=\"_blank\">Se hvordan vi leverer p\u00e5 ambisjonene<\/a>\n\t\t\t\t\t\t\t<\/div>\n\t\t<\/div>\n\t<\/div>\n<\/section>\n\n<section id=\"acf-article-block_3a20c9985e46ba08fa44cec2107c83ba\" data-anchor-title=\"Form\u00e5l\"class=\"block-section article block--less-spacing-top block--less-spacing-bottom wp-block-acf-article\">\n\t<div class=\"block-section-wrapper element-width--wide\" data-aos=\"fade-up\" data-aos-duration=\"500\" data-aos-delay=\"300\">\n\t\t<div class=\"acf-innerblocks-container\">\n\n<h2 class=\"wp-block-heading heading-size-normal\">Form\u00e5l<\/h2>\n\n\n\n<p>Klimainvesteringsfondet har som m\u00e5l \u00e5 redusere eller unng\u00e5 klimagassutslipp fra kullkraft og annen fossil energiproduksjon. Gjennom investeringer i fornybar energi og muliggj\u00f8rende teknologier s\u00f8ker fondet \u00e5 st\u00f8tte \u00f8konomisk vekst basert p\u00e5 lavutslippsteknologi i fremvoksende markeder der utslippene er store eller forventes \u00e5 \u00f8ke betydelig.<\/p>\n\n\n\n<p>Som i Norfunds \u00f8vrige virksomhet er m\u00e5let \u00e5 utl\u00f8se investeringer som ellers ikke ville blitt gjennomf\u00f8rt.<\/p>\n\n\n\n<p>For \u00e5 styre innsatsen v\u00e5r og tydeliggj\u00f8re hvordan investeringene bidrar til langsiktige reduksjoner eller unng\u00e5tte utslipp, har Norfund utviklet en Theory of Change for investeringer i denne sektoren, oppdatert i 2024. Denne beskriver problemet vi s\u00f8ker \u00e5 l\u00f8se, bidragene vi tilf\u00f8rer og hvordan disse trinnvis leder til langsiktig effekt.<\/p>\n\n\n<section id=\"acf-buttons-group-block_8c376e81fe397d92054d7ad1f7dda996\" data-anchor-title=\"Endringsteori\"class=\"block-section buttons-group block--less-spacing-top block--less-spacing-bottom wp-block-acf-buttons-group\">\n\t<div class=\"block-section-wrapper element-width--medium\">\n\n\t\t\n\t\t\t\t<div class=\"buttons-grid \">\n\t\t\t\n\t\t\t\t\n\t\t\t\t\t<a href=\"https:\/\/www.norfund.no\/wp-content\/uploads\/2025\/06\/Theory-of-Change-CIM-RE_Final.pdf\" class=\"button-item\" target=\"_blank\">\n\t\t\t\t\t\t<div class=\"button-content\">\n\t\t\t\t\t\t\t\t\t\t\t\t\t\t\t<h2 class=\"heading-size-small\">Endringsteori<\/h2>\n\t\t\t\t\t\t\t\t\t\t\t\t\t\t\t\t\t\t\t\t\t\t<p>for fornybar energi under klimamandatet<\/p>\n\t\t\t\t\t\t\t\t\t\t\t\t\t<\/div>\n\t\t\t\t\t\t<i class=\"icon icon-arrow-box\"><\/i>\n\t\t\t\t\t<\/a>\n\t\t\t\t\t\t\t\n\t\t\t\t\n\t\t\t\t\t<a href=\"https:\/\/www.norfund.no\/wp-content\/uploads\/2022\/11\/Instruks-Klimainvesteringsfondet.pdf\" class=\"button-item\" target=\"_blank\">\n\t\t\t\t\t\t<div class=\"button-content\">\n\t\t\t\t\t\t\t\t\t\t\t\t\t\t\t<h2 class=\"heading-size-small\">Instruks<\/h2>\n\t\t\t\t\t\t\t\t\t\t\t\t\t\t\t\t\t\t\t\t\t\t<p>for Klimainvesteringsfondet<\/p>\n\t\t\t\t\t\t\t\t\t\t\t\t\t<\/div>\n\t\t\t\t\t\t<i class=\"icon icon-arrow-box\"><\/i>\n\t\t\t\t\t<\/a>\n\t\t\t\t\t\t\t\t\t<\/div>\n\t\t\n\n\t<\/div>\n<\/section>\n\n<\/div>\n\t<\/div>\n<\/section>\n\n\n\n<section id=\"acf-box-over-wide-image-block_a8ce51c9bf19e34e4c8ba0bd5fdc95a9\" data-anchor-title=\"Forvaltning\"class=\"block-section box-over-wide-image block--less-spacing-top block--less-spacing-bottom wp-block-acf-box-over-wide-image\">\n\t<div class=\"background is-desktop top\"\n\t\tstyle=\"background-image: url(https:\/\/www.norfund.no\/wp-content\/uploads\/2025\/08\/50520023372_3943bb4697_o-1-2560x1722.jpg); background-position: center calc(50% + 120px); data-aos=\"fade-up\" data-aos-duration=\"500\" data-aos-delay=\"200\">\n\t\t\n\t\t<div class=\"block-section-wrapper element-width--full container\">\n\t\t\t<div class=\"investment-box right\" tabindex=\"0\" data-aos=\"fade-up\" data-aos-duration=\"500\" data-aos-delay=\"400\">\n\t\t\t\t\t\t\t\t\t<h2 class=\"heading-size-normal\">Forvaltning<\/h2>\n\t\t\t\t\t\t\t\t\t\t\t\t\t<div class=\"text-container\"><p>Norfund forvalter Klimainvesteringsfondet p\u00e5 vegne av Utenriksdepartementet. Fondet mottar \u00e9n milliard kroner \u00e5rlig over statsbudsjettet, som Norfund matcher med ytterligere \u00e9n milliard kroner fra v\u00e5r egen kapital. Investeringene under Klimainvesteringsfondet gj\u00f8res i Norfunds navn, men fondets investeringer og portef\u00f8lje forvaltes separat fra Norfunds \u00f8vrige virksomhet.<\/p>\n<\/div>\n\t\t\t\t\t\t\t\t\t\t\t<\/div>\n\t\t<\/div>\n\t<\/div>\n<\/section>\n\n<section id=\"acf-article-block_08eaaaa4010bfdf24f06492a3c7af652\" data-anchor-title=\"Investeringseksempler\"class=\"block-section article wp-block-acf-article\">\n\t<div class=\"block-section-wrapper element-width--wide\" data-aos=\"fade-up\" data-aos-duration=\"500\" data-aos-delay=\"300\">\n\t\t<div class=\"acf-innerblocks-container\">\n\n<h2 class=\"wp-block-heading heading-size-normal\">Investeringseksempler<\/h2>\n\n<\/div>\n\t<\/div>\n<\/section>\n\n\n\n<section id=\"acf-shortcut-boxes-block_6586ea3c86fc08466dd553ead291b870\" class=\"block-section shortcut-boxes block--less-spacing-top block--less-spacing-bottom wp-block-acf-shortcut-boxes\">\n\t<div class=\"block-section-wrapper element-width--full\">\n\t\t<div class=\"shortcut-cards thubmail-container\">\n\t\t\t\t\t\t\t\n\t\t\t\t\t<div class=\"card-details thumbnail-box\" data-aos=\"fade-up\" data-aos-duration=\"500\" data-aos-delay=\"300\">\n\t\t\t\t\t\t\n\t\t\t\t\t\t<div class=\"thumbnail \">\n\t\t\t\t\t\t\t\t\t\t\t\t\t\t\t<img decoding=\"async\" src=\"https:\/\/www.norfund.no\/wp-content\/uploads\/2025\/08\/image-640x360.webp\" alt=\"\" \/>\n\n\t\t\t\t\t\t\t\n\t\t\t\t\t\t\t\t\t\t\t\t\t\t\t\t<a id=\"itemLink1\" class=\"thumbail-link\" href=\"https:\/\/www.norfund.no\/investment-in-new-south-african-energy-platform-to-avoid-1-9-million-tons-of-co2\/\" target=\"_blank\">\n\t\t\t\t\t\t\t\t\t\t<img decoding=\"async\" src=\"https:\/\/www.norfund.no\/wp-content\/themes\/norfundweb\/src\/images\/icons\/link-arrow.svg\" alt=\"read-more\">\n\t\t\t\t\t\t\t\t\t<\/a>\n\t\t\t\t\t\t\t\t\t\t\t\t\t<\/div>\n\n\n\t\t\t\t\t\t\t\t\t\t\t\t\t<div class=\"title\">\n\t\t\t\t\t\t\t\tInvestering i s\u00f8rafrikansk energiplattform for \u00e5 unng\u00e5 1,9 millioner tonn CO\u2082\t\t\t\t\t\t\t<\/div>\n\t\t\t\t\t\t\t\t\t\t\t\t\t\t\t\t\t\t\t<div class=\"description \">  <\/div>\n\t\t\t\t\t\t\n\t\t\t\t\t\t\t\t\t\t\t<\/div>\n\n\t\t\t\t\n\t\t\t\t\t<div class=\"card-details thumbnail-box\" data-aos=\"fade-up\" data-aos-duration=\"500\" data-aos-delay=\"600\">\n\t\t\t\t\t\t\n\t\t\t\t\t\t<div class=\"thumbnail \">\n\t\t\t\t\t\t\t\t\t\t\t\t\t\t\t<img decoding=\"async\" src=\"https:\/\/www.norfund.no\/wp-content\/uploads\/2025\/08\/aldward-castillo-wfyBKvM-whg-unsplash-1-640x427.jpg\" alt=\"\" \/>\n\n\t\t\t\t\t\t\t\n\t\t\t\t\t\t\t\t\t\t\t\t\t\t\t\t<a id=\"itemLink2\" class=\"thumbail-link\" href=\"https:\/\/www.norfund.no\/the-norwegian-climate-investment-fund-makes-first-direct-海角原创海角视频-in-indonesia\/\" target=\"_blank\">\n\t\t\t\t\t\t\t\t\t\t<img decoding=\"async\" src=\"https:\/\/www.norfund.no\/wp-content\/themes\/norfundweb\/src\/images\/icons\/link-arrow.svg\" alt=\"read-more\">\n\t\t\t\t\t\t\t\t\t<\/a>\n\t\t\t\t\t\t\t\t\t\t\t\t\t<\/div>\n\n\n\t\t\t\t\t\t\t\t\t\t\t\t\t<div class=\"title\">\n\t\t\t\t\t\t\t\tKlimainvesteringsfondets f\u00f8rste direkteinvestering i Indonesia\t\t\t\t\t\t\t<\/div>\n\t\t\t\t\t\t\t\t\t\t\t\t\t\t\t\t\t\t\t<div class=\"description \">   <\/div>\n\t\t\t\t\t\t\n\t\t\t\t\t\t\t\t\t\t\t<\/div>\n\n\t\t\t\t\n\t\t\t\t\t<div class=\"card-details thumbnail-box\" data-aos=\"fade-up\" data-aos-duration=\"500\" data-aos-delay=\"900\">\n\t\t\t\t\t\t\n\t\t\t\t\t\t<div class=\"thumbnail \">\n\t\t\t\t\t\t\t\t\t\t\t\t\t\t\t<img decoding=\"async\" src=\"https:\/\/www.norfund.no\/wp-content\/uploads\/2025\/08\/processed-44E016D2-02C9-4563-A475-9B6FEA755A6F-1536x1153-1-640x480.jpeg\" alt=\"\" \/>\n\n\t\t\t\t\t\t\t\n\t\t\t\t\t\t\t\t\t\t\t\t\t\t\t\t<a id=\"itemLink3\" class=\"thumbail-link\" href=\"https:\/\/www.norfund.no\/norfund-and-klp-invest-nok-1-1-billion-in-power-grid-development-in-india\/\" target=\"_blank\">\n\t\t\t\t\t\t\t\t\t\t<img decoding=\"async\" src=\"https:\/\/www.norfund.no\/wp-content\/themes\/norfundweb\/src\/images\/icons\/link-arrow.svg\" alt=\"read-more\">\n\t\t\t\t\t\t\t\t\t<\/a>\n\t\t\t\t\t\t\t\t\t\t\t\t\t<\/div>\n\n\n\t\t\t\t\t\t\t\t\t\t\t\t\t<div class=\"title\">\n\t\t\t\t\t\t\t\t1,1 milliarder til utvikling av str\u00f8mnett i India\t\t\t\t\t\t\t<\/div>\n\t\t\t\t\t\t\t\t\t\t\t\t\t\t\t\t\t\t\t<div class=\"description \">  <\/div>\n\t\t\t\t\t\t\n\t\t\t\t\t\t\t\t\t\t\t<\/div>\n\n\t\t\t\t\n\t\t\t\t\t<div class=\"card-details thumbnail-box\" data-aos=\"fade-up\" data-aos-duration=\"500\" data-aos-delay=\"1200\">\n\t\t\t\t\t\t\n\t\t\t\t\t\t<div class=\"thumbnail \">\n\t\t\t\t\t\t\t\t\t\t\t\t\t\t\t<img decoding=\"async\" src=\"https:\/\/www.norfund.no\/wp-content\/uploads\/2025\/08\/52575449019_560e73db36_c-640x428.jpg\" alt=\"\" \/>\n\n\t\t\t\t\t\t\t\n\t\t\t\t\t\t\t\t\t\t\t\t\t\t\t\t<a id=\"itemLink4\" class=\"thumbail-link\" href=\"https:\/\/www.norfund.no\/norways-climate-investment-fund-to-invest-in-sael-to-develop-3000mw-clean-energy\/\" target=\"_blank\">\n\t\t\t\t\t\t\t\t\t\t<img decoding=\"async\" src=\"https:\/\/www.norfund.no\/wp-content\/themes\/norfundweb\/src\/images\/icons\/link-arrow.svg\" alt=\"read-more\">\n\t\t\t\t\t\t\t\t\t<\/a>\n\t\t\t\t\t\t\t\t\t\t\t\t\t<\/div>\n\n\n\t\t\t\t\t\t\t\t\t\t\t\t\t<div class=\"title\">\n\t\t\t\t\t\t\t\tInvestering i SAEL for \u00e5 utvikle 3000 MW ren energi\t\t\t\t\t\t\t<\/div>\n\t\t\t\t\t\t\t\t\t\t\t\t\t\t\t\t\t\t\t<div class=\"description \">  <\/div>\n\t\t\t\t\t\t\n\t\t\t\t\t\t\t\t\t\t\t<\/div>\n\n\t\t\t\t\t\t\t\t\t<\/div>\n\t<\/div>\n<\/section>\n\n<section id=\"acf-video-block_39f24d516ba8cc036ab58df66849a696\" class=\"block-section video --is-full-height block--less-spacing-top block--less-spacing-bottom wp-block-acf-video\">\n\t<div class=\"block-section-wrapper element-width--full\">\n\t\t\n\t\t<div class=\"video-wrapper\">\n\n\t\t\t\t\t\t\t\t\t\t\t\t\t\t\t\t\t<div class=\"video-container\" tabindex=\"0\" data-aos=\"fade-up\" data-aos-duration=\"500\" data-aos-delay=\"300\">\n\t\t\t\t\t\t<div class=\"video_preview\">\n\t\t\t\t\t\t\t<img loading=\"lazy\" decoding=\"async\" width=\"3352\" height=\"2096\" src=\"https:\/\/www.norfund.no\/wp-content\/uploads\/2025\/08\/52575621865_7085568c97_o-1.jpg\" class=\"attachment-video-poster size-video-poster\" alt=\"\" srcset=\"https:\/\/www.norfund.no\/wp-content\/uploads\/2025\/08\/52575621865_7085568c97_o-1.jpg 3352w, https:\/\/www.norfund.no\/wp-content\/uploads\/2025\/08\/52575621865_7085568c97_o-1-300x188.jpg 300w, https:\/\/www.norfund.no\/wp-content\/uploads\/2025\/08\/52575621865_7085568c97_o-1-768x480.jpg 768w, https:\/\/www.norfund.no\/wp-content\/uploads\/2025\/08\/52575621865_7085568c97_o-1-1024x640.jpg 1024w, https:\/\/www.norfund.no\/wp-content\/uploads\/2025\/08\/52575621865_7085568c97_o-1-1536x960.jpg 1536w, https:\/\/www.norfund.no\/wp-content\/uploads\/2025\/08\/52575621865_7085568c97_o-1-2048x1281.jpg 2048w, https:\/\/www.norfund.no\/wp-content\/uploads\/2025\/08\/52575621865_7085568c97_o-1-502x314.jpg 502w, https:\/\/www.norfund.no\/wp-content\/uploads\/2025\/08\/52575621865_7085568c97_o-1-397x248.jpg 397w, https:\/\/www.norfund.no\/wp-content\/uploads\/2025\/08\/52575621865_7085568c97_o-1-460x288.jpg 460w, https:\/\/www.norfund.no\/wp-content\/uploads\/2025\/08\/52575621865_7085568c97_o-1-658x411.jpg 658w, https:\/\/www.norfund.no\/wp-content\/uploads\/2025\/08\/52575621865_7085568c97_o-1-640x400.jpg 640w, https:\/\/www.norfund.no\/wp-content\/uploads\/2025\/08\/52575621865_7085568c97_o-1-110x69.jpg 110w, https:\/\/www.norfund.no\/wp-content\/uploads\/2025\/08\/52575621865_7085568c97_o-1-220x138.jpg 220w, https:\/\/www.norfund.no\/wp-content\/uploads\/2025\/08\/52575621865_7085568c97_o-1-578x361.jpg 578w, https:\/\/www.norfund.no\/wp-content\/uploads\/2025\/08\/52575621865_7085568c97_o-1-480x300.jpg 480w\" sizes=\"auto, (max-width: 3352px) 100vw, 3352px\" \/><div class=\"video_preview--content\">\n<div class=\"cookieconsent-optout-marketing\">\n    Please\n    <a href=\"#\" onclick=\"Cookiebot.renew(); return false;\">accept marketing cookies<\/a>\n    to see video\n<\/div><\/div>\t\t\t\t\t\t<\/div>\n\n\t\t\t\t\t\t<div class=\"plyr-video-wrapper\">\n\t\t\t\t\t\t\t<div class=\"plyr-video-inner-wrapper\">\n\t\t\t\t\t\t\t\t<button class=\"close-video-btn\" role=\"button\" aria-description=\"Close video\"><\/button>\t\t\t\t\t\t\t<\/div>\n\t\t\t\t\t\t<\/div>\n\t\t\t\t\t\t<h3 class=\"video-heading \">SAEL &#8211; solenergi og avfall-til-energi i India<\/h3>\t\t\t\t\t<\/div>\n\t\t\t\t\t\t\t\t\t\t\t\t\t\t<div class=\"video-container\" tabindex=\"0\" data-aos=\"fade-up\" data-aos-duration=\"500\" data-aos-delay=\"600\">\n\t\t\t\t\t\t<div class=\"video_preview\">\n\t\t\t\t\t\t\t<img loading=\"lazy\" decoding=\"async\" width=\"1600\" height=\"2400\" src=\"https:\/\/www.norfund.no\/wp-content\/uploads\/2025\/08\/54522077807_d1858bd547_o-1.jpg\" class=\"attachment-video-poster size-video-poster\" alt=\"\" srcset=\"https:\/\/www.norfund.no\/wp-content\/uploads\/2025\/08\/54522077807_d1858bd547_o-1.jpg 1600w, https:\/\/www.norfund.no\/wp-content\/uploads\/2025\/08\/54522077807_d1858bd547_o-1-960x1440.jpg 960w, https:\/\/www.norfund.no\/wp-content\/uploads\/2025\/08\/54522077807_d1858bd547_o-1-200x300.jpg 200w, https:\/\/www.norfund.no\/wp-content\/uploads\/2025\/08\/54522077807_d1858bd547_o-1-768x1152.jpg 768w, https:\/\/www.norfund.no\/wp-content\/uploads\/2025\/08\/54522077807_d1858bd547_o-1-683x1024.jpg 683w, https:\/\/www.norfund.no\/wp-content\/uploads\/2025\/08\/54522077807_d1858bd547_o-1-1024x1536.jpg 1024w, https:\/\/www.norfund.no\/wp-content\/uploads\/2025\/08\/54522077807_d1858bd547_o-1-1365x2048.jpg 1365w, https:\/\/www.norfund.no\/wp-content\/uploads\/2025\/08\/54522077807_d1858bd547_o-1-251x376.jpg 251w, https:\/\/www.norfund.no\/wp-content\/uploads\/2025\/08\/54522077807_d1858bd547_o-1-197x296.jpg 197w, https:\/\/www.norfund.no\/wp-content\/uploads\/2025\/08\/54522077807_d1858bd547_o-1-460x690.jpg 460w, https:\/\/www.norfund.no\/wp-content\/uploads\/2025\/08\/54522077807_d1858bd547_o-1-293x439.jpg 293w, https:\/\/www.norfund.no\/wp-content\/uploads\/2025\/08\/54522077807_d1858bd547_o-1-427x640.jpg 427w, https:\/\/www.norfund.no\/wp-content\/uploads\/2025\/08\/54522077807_d1858bd547_o-1-73x110.jpg 73w, https:\/\/www.norfund.no\/wp-content\/uploads\/2025\/08\/54522077807_d1858bd547_o-1-147x220.jpg 147w, https:\/\/www.norfund.no\/wp-content\/uploads\/2025\/08\/54522077807_d1858bd547_o-1-383x574.jpg 383w, https:\/\/www.norfund.no\/wp-content\/uploads\/2025\/08\/54522077807_d1858bd547_o-1-534x801.jpg 534w\" sizes=\"auto, (max-width: 1600px) 100vw, 1600px\" \/><div class=\"video_preview--content\">\n<div class=\"cookieconsent-optout-marketing\">\n    Please\n    <a href=\"#\" onclick=\"Cookiebot.renew(); return false;\">accept marketing cookies<\/a>\n    to see video\n<\/div><\/div>\t\t\t\t\t\t<\/div>\n\n\t\t\t\t\t\t<div class=\"plyr-video-wrapper\">\n\t\t\t\t\t\t\t<div class=\"plyr-video-inner-wrapper\">\n\t\t\t\t\t\t\t\t<button class=\"close-video-btn\" role=\"button\" aria-description=\"Close video\"><\/button>\t\t\t\t\t\t\t<\/div>\n\t\t\t\t\t\t<\/div>\n\t\t\t\t\t\t<h3 class=\"video-heading \">Erco Energ\u00eda &#8211; Colombiansk plattform for fornybar energi<\/h3>\t\t\t\t\t<\/div>\n\t\t\t\t\t\t\t\n\t\t\t\t\t<\/div>\n\n\t<\/div>\n<\/section>\n\n<section id=\"acf-article-block_6a31f0b237d847823a6bcff5c9f653b5\" class=\"block-section article wp-block-acf-article\">\n\t<div class=\"block-section-wrapper element-width--wide\" data-aos=\"fade-up\" data-aos-duration=\"500\" data-aos-delay=\"300\">\n\t\t<div class=\"acf-innerblocks-container\">\n\n<h2 class=\"wp-block-heading heading-size-normal\">Strategi<\/h2>\n\n\n\n<p>Klimainvesteringsfondet investerer b\u00e5de i store fornybarprosjekter, som sol- og vindparker, og i mindre, kommersielle og industrielle (C&amp;I) l\u00f8sninger, som solceller p\u00e5 tak. I tillegg kan vi investere i muliggj\u00f8rende teknologier med betydelig klimaeffekt, inkludert lagring og transmisjon. Vi prioriterer sektorer der Norfund har sterk kompetanse, kan tilf\u00f8re merverdi og hvor det finnes investerbare muligheter i v\u00e5re m\u00e5lmarkeder.<\/p>\n\n\n\n<p>Vi investerer prim\u00e6rt i egenkapital, med en eierandel p\u00e5 20\u201335 prosent og enkeltinvesteringer p\u00e5 rundt 25\u2013150 millioner dollar. Valg av investeringer styres av hvor Norfund har kompetanse og kan gj\u00f8re st\u00f8rst mulig forskjell. Vi prioriterer \u00e5tte kjerne\u00adland: S\u00f8r-Afrika, India, Sri Lanka, Vietnam, Filippinene, Kambodsja, Indonesia og Bangladesh.<\/p>\n\n\n\n<p>Klimainvesteringsfondet kan ta noe h\u00f8yere teknologisk kommersialiseringsrisiko enn Norfunds utviklingsmandat. Slik kan vi bidra til \u00e5 akselerere innf\u00f8ringen av ren energiteknologi i v\u00e5re markeder gjennom investeringer som private akt\u00f8rer n\u00f8ler med \u00e5 gj\u00f8re alene.<\/p>\n\n\n<section id=\"acf-buttons-group-block_2ee41191b267e7a8b7a66e4608674cdf\" data-anchor-title=\"Strategi\"class=\"block-section buttons-group block--less-spacing-top block--less-spacing-bottom wp-block-acf-buttons-group\">\n\t<div class=\"block-section-wrapper element-width--medium\">\n\n\t\t\n\t\t\t\t<div class=\"buttons-grid single\">\n\t\t\t\n\t\t\t\t\n\t\t\t\t\t<a href=\"https:\/\/www.norfund.no\/strategy-for-the-climate-mandate\/\" class=\"button-item\" target=\"_self\">\n\t\t\t\t\t\t<div class=\"button-content\">\n\t\t\t\t\t\t\t\t\t\t\t\t\t\t\t<h2 class=\"heading-size-small\">Strategi for Klimainvesteringsfondet<\/h2>\n\t\t\t\t\t\t\t\t\t\t\t\t\t\t\t\t\t\t\t\t<\/div>\n\t\t\t\t\t\t<i class=\"icon icon-arrow-box\"><\/i>\n\t\t\t\t\t<\/a>\n\t\t\t\t\t\t\t\t\t<\/div>\n\t\t\n\n\t<\/div>\n<\/section>\n\n<\/div>\n\t<\/div>\n<\/section>\n\n\n\n<section id=\"acf-contact-person-block_78a5e82cee36faae23f7e33982780315\" class=\"block-section contact-person block--less-spacing-top block--less-spacing-bottom wp-block-acf-contact-person\">\n\t<div class=\"block-section-wrapper element-width--full\">\n\t\t<div class=\"profile-card\" tabindex=\"0\" data-aos=\"fade-up\" data-aos-duration=\"500\" data-aos-delay=\"300\">\n\t\t\t\t\t\t\t<div class=\"profile-image\">\n\t\t\t\t\t<img loading=\"lazy\" decoding=\"async\" width=\"588\" height=\"640\" src=\"https:\/\/www.norfund.no\/wp-content\/uploads\/2025\/10\/52624582169_4f8e8bd0a3_k-588x640.jpg\" class=\"attachment-contact-person size-contact-person wp-post-image\" alt=\"\" \/>\t\t\t\t<\/div>\n\n\t\t\t\t<div class=\"profile-details\">\n\t\t\t\t\t\n\t\t\t\t\t<div class=\"heading-size-small\">Bj\u00f8rnar Baugerud<\/div>\n\n\t\t\t\t\t\t\t\t\t\t\t<div class=\"heading-size-smallest\">Head of the Climate Investment Fund<\/div>\n\t\t\t\t\t\t\t\t\t<\/div>\n\n\t\t\t\t\t\t\t\t\t<\/div>\n\t<\/div>\n<\/section>\n\n\n\n<p><\/p>\n","protected":false},"excerpt":{"rendered":"","protected":false},"author":1,"featured_media":0,"parent":0,"menu_order":12,"comment_status":"closed","ping_status":"closed","template":"","meta":{"_acf_changed":true,"footnotes":""},"class_list":["post-26220","page","type-page","status-publish","hentry"],"acf":[],"_links":{"self":[{"href":"https:\/\/www.norfund.no\/no\/wp-json\/wp\/v2\/pages\/26220","targetHints":{"allow":["GET"]}}],"collection":[{"href":"https:\/\/www.norfund.no\/no\/wp-json\/wp\/v2\/pages"}],"about":[{"href":"https:\/\/www.norfund.no\/no\/wp-json\/wp\/v2\/types\/page"}],"author":[{"embeddable":true,"href":"https:\/\/www.norfund.no\/no\/wp-json\/wp\/v2\/users\/1"}],"replies":[{"embeddable":true,"href":"https:\/\/www.norfund.no\/no\/wp-json\/wp\/v2\/comments?post=26220"}],"version-history":[{"count":0,"href":"https:\/\/www.norfund.no\/no\/wp-json\/wp\/v2\/pages\/26220\/revisions"}],"wp:attachment":[{"href":"https:\/\/www.norfund.no\/no\/wp-json\/wp\/v2\/media?parent=26220"}],"curies":[{"name":"wp","href":"https:\/\/api.w.org\/{rel}","templated":true}]}}