  
{"id":27281,"date":"2025-05-08T11:28:14","date_gmt":"2025-05-08T09:28:14","guid":{"rendered":"https:\/\/norfundweb.wpenginepowered.com\/our-results\/investment-stories\/"},"modified":"2026-01-22T15:13:56","modified_gmt":"2026-01-22T14:13:56","slug":"investment-stories","status":"publish","type":"page","link":"https:\/\/www.norfund.no\/no\/investment-stories\/","title":{"rendered":"Investeringshistorier"},"content":{"rendered":"\n<section id=\"acf-subpage-hero-block_ba311f4b69b4a79aa69de562d3f07ba4\" class=\"block-section subpage-hero banner-margin wp-block-acf-subpage-hero\">\n\n\n\t\t\t\t\t<div class=\"image-wrapper\" style='background-image: url(https:\/\/www.norfund.no\/wp-content\/uploads\/2025\/10\/51649092511_2753da321e_o_compressed.jpg);background-position: top 140 ;'><\/div>\n\t\t\n\t\t\n\t\t\n\n\n\t\n\t\t<div class=\"block-section-wrapper element-width--full \">\n\t\t\t<div class=\"hero-content-with-backgound\" data-aos=\"fade-up\" data-aos-duration=\"500\" data-aos-delay=\"200\">\n\n\t\t\t\t\t\t\t\t\t<div class=\"hero-title \" tabindex=\"0\">\n\t\t\t\t\t\t<h2 class=\"heading-size-large\">Investeringshistorier<\/h2>\n\t\t\t\t\t<\/div>\n\t\t\t\t\n\t\t\t\t\n\t\t\t<\/div>\n\t\t<\/div>\n\t\n<\/section>\n\n\n<section id=\"acf-article-block_cdb5f91f62041aef1cd853a27009d3a3\" class=\"block-section article wp-block-acf-article\">\n\t<div class=\"block-section-wrapper element-width--wide\" data-aos=\"fade-up\" data-aos-duration=\"500\" data-aos-delay=\"300\">\n\t\t<div class=\"acf-innerblocks-container\">\n\n<h3 class=\"wp-block-heading heading-size-normal\">Det finnes en historie bak hvert tall. Vi \u00f8nsker \u00e5 ikke bare vise fram investeringene v\u00e5re, men ogs\u00e5 l\u00f8fte fram de bredere utviklingseffektene de skaper.<\/h3>\n\n\n\n<p>Utforsk nyhetsarkivet v\u00e5rt for \u00e5 l\u00e6re mer om portef\u00f8ljeselskapene v\u00e5re, eller g\u00e5 inn i v\u00e5re case-studier for \u00e5 forst\u00e5 investeringskonteksten, Norfunds rolle og de forventede utviklingseffektene.<\/p>\n\n<\/div>\n\t<\/div>\n<\/section>\n\n\n\n<section id=\"acf-featured-post-slider-block_575f4ad21a752648f23a71908c2c3ca8\" data-anchor-title=\"Casestudier\"class=\"block-section featured-post-slider wp-block-acf-featured-post-slider\">\n\t<div class=\"block-section-wrapper element-width--full container\">\n\t\t<div class=\"featured-slider-block \">\n\n\t\t\t<div class=\"slider-header\" data-aos=\"flip-up\" data-aos-duration=\"500\" data-aos-delay=\"200\">\n\t\t\t\t\t\t\t\t\t<div class=\"header-left\">\n\t\t\t\t\t\t<h2>Casestudier<\/h2>\n\t\t\t\t\t<\/div>\n\t\t\t\t\n\t\t\t\t<div class=\"header-right\">\n\t\t\t\t\t\t\t\t\t\t\t<div class=\"slider-footer\" data-aos=\"fade-up\" data-aos-duration=\"500\" data-aos-delay=\"300\">\n\t\t\t\t\t\t\t<a href=\"https:\/\/www.norfund.no\/news-archive\/\" alt=\"news-archive\" target=\"\">Nyhetsarkiv<\/a>\n\t\t\t\t\t\t<\/div>\n\t\t\t\t\t\t\t\t\t\t<div class=\"button-container\">\n\t\t\t\t\t\t<div class=\"slider-progress\">\n\t\t\t\t\t\t\t<div class=\"progress-bar\"><\/div>\n\t\t\t\t\t\t<\/div>\n\t\t\t\t\t\t<div class=\"slider-navigation\">\n\t\t\t\t\t\t\t<div class=\"swiper-button-prev\"><span class=\"icon icon-arrow-left\"><\/span><\/div>\n\t\t\t\t\t\t\t<div class=\"swiper-button-next\"><span class=\"icon icon-arrow-left\"><\/span><\/div>\n\t\t\t\t\t\t<\/div>\n\t\t\t\t\t<\/div>\n\t\t\t\t<\/div>\n\n\t\t\t<\/div>\n\n\t\t\t\n\t\t\t\t<div class=\"slider-wrapper swiper\" data-post-count=\"11\">\n\t\t\t\t\t\t\t\t\t\t\t<div class=\"slider-gradient slider-gradient--left\" data-aos=\"fade-right\" data-aos-duration=\"500\" data-aos-delay=\"600\"><\/div>\n\t\t\t\t\t\t<div class=\"slider-gradient slider-gradient--right\" data-aos=\"fade-right\" data-aos-duration=\"500\" data-aos-delay=\"1400\"><\/div>\n\t\t\t\t\t\n\t\t\t\t\t<div class=\"swiper-wrapper\">\n\n\t\t\t\t\t\t\t\t\t\t\t\t\t<div class=\"swiper-slide\" data-aos=\"fade-right\" data-aos-duration=\"500\" data-aos-delay=\"300\">\n\t\t\t\t\t\t\t\t<div class=\"slide-content\">\n\t\t\t\t\t\t\t\t\t<div class=\"slide-image\">\n\t\t\t\t\t\t\t\t\t\t<img decoding=\"async\" src=\"https:\/\/www.norfund.no\/wp-content\/uploads\/2025\/08\/54707111471_5a5ef2ae1b_k-3-658x439.jpg\" alt=\"Case study: Empowering Kenyan communities through off-grid energy solutions\">\n\t\t\t\t\t\t\t\t\t\t\t\t\t\t\t\t\t\t\t<\/div>\n\t\t\t\t\t\t\t\t\t<div class=\"slide-text\" data-aos=\"fade-down\">\n\t\t\t\t\t\t\t\t\t\t<div class=\"slide-date\">\n\t\t\t\t\t\t\t\t\t\t\t<img decoding=\"async\" src=\"https:\/\/www.norfund.no\/wp-content\/themes\/norfundweb\/src\/images\/icons\/calender.svg\" alt=\"Calendar Icon\">\n\t\t\t\t\t\t\t\t\t\t\t<span class=\"text-size-medium\"> august 8, 2025<\/span>\n\t\t\t\t\t\t\t\t\t\t<\/div>\n\t\t\t\t\t\t\t\t\t\t<h3 class=\"slide-title\">\n\t\t\t\t\t\t\t\t\t\t\t<a href=\"https:\/\/www.norfund.no\/sun-king-empowering-kenyan-communities-through-off-grid-energy-solutions\/\" class=\"text-size-big\">Case study: Empowering Kenyan communities through off-grid energy solutions<\/a>\n\t\t\t\t\t\t\t\t\t\t<\/h3>\n\t\t\t\t\t\t\t\t\t<\/div>\n\t\t\t\t\t\t\t\t<\/div>\n\t\t\t\t\t\t\t<\/div>\n\t\t\t\t\t\t\t\t\t\t\t\t\t<div class=\"swiper-slide\" data-aos=\"fade-right\" data-aos-duration=\"500\" data-aos-delay=\"600\">\n\t\t\t\t\t\t\t\t<div class=\"slide-content\">\n\t\t\t\t\t\t\t\t\t<div class=\"slide-image\">\n\t\t\t\t\t\t\t\t\t\t<img decoding=\"async\" src=\"https:\/\/www.norfund.no\/wp-content\/uploads\/2025\/09\/53458932571_0355d7ee86_k-658x370.jpg\" alt=\"Case study: Kenhardt solar and battery project\u00a0\">\n\t\t\t\t\t\t\t\t\t\t\t\t\t\t\t\t\t\t\t<\/div>\n\t\t\t\t\t\t\t\t\t<div class=\"slide-text\" data-aos=\"fade-down\">\n\t\t\t\t\t\t\t\t\t\t<div class=\"slide-date\">\n\t\t\t\t\t\t\t\t\t\t\t<img decoding=\"async\" src=\"https:\/\/www.norfund.no\/wp-content\/themes\/norfundweb\/src\/images\/icons\/calender.svg\" alt=\"Calendar Icon\">\n\t\t\t\t\t\t\t\t\t\t\t<span class=\"text-size-medium\"> juli 31, 2025<\/span>\n\t\t\t\t\t\t\t\t\t\t<\/div>\n\t\t\t\t\t\t\t\t\t\t<h3 class=\"slide-title\">\n\t\t\t\t\t\t\t\t\t\t\t<a href=\"https:\/\/www.norfund.no\/case-study-kenhardt-solar-battery-project\/\" class=\"text-size-big\">Case study: Kenhardt solar and battery project\u00a0<\/a>\n\t\t\t\t\t\t\t\t\t\t<\/h3>\n\t\t\t\t\t\t\t\t\t<\/div>\n\t\t\t\t\t\t\t\t<\/div>\n\t\t\t\t\t\t\t<\/div>\n\t\t\t\t\t\t\t\t\t\t\t\t\t<div class=\"swiper-slide\" data-aos=\"fade-right\" data-aos-duration=\"500\" data-aos-delay=\"900\">\n\t\t\t\t\t\t\t\t<div class=\"slide-content\">\n\t\t\t\t\t\t\t\t\t<div class=\"slide-image\">\n\t\t\t\t\t\t\t\t\t\t<img decoding=\"async\" src=\"https:\/\/www.norfund.no\/wp-content\/uploads\/2023\/05\/tyjhyth-658x439.webp\" alt=\"Case study: Norfund\u2019s investment in Novastar grows circular waste business in Nairobi\">\n\t\t\t\t\t\t\t\t\t\t\t\t\t\t\t\t\t\t\t<\/div>\n\t\t\t\t\t\t\t\t\t<div class=\"slide-text\" data-aos=\"fade-down\">\n\t\t\t\t\t\t\t\t\t\t<div class=\"slide-date\">\n\t\t\t\t\t\t\t\t\t\t\t<img decoding=\"async\" src=\"https:\/\/www.norfund.no\/wp-content\/themes\/norfundweb\/src\/images\/icons\/calender.svg\" alt=\"Calendar Icon\">\n\t\t\t\t\t\t\t\t\t\t\t<span class=\"text-size-medium\"> mai 5, 2023<\/span>\n\t\t\t\t\t\t\t\t\t\t<\/div>\n\t\t\t\t\t\t\t\t\t\t<h3 class=\"slide-title\">\n\t\t\t\t\t\t\t\t\t\t\t<a href=\"https:\/\/www.norfund.no\/norfunds-investment-in-novastar-grows-circular-waste-business-in-nairobi\/\" class=\"text-size-big\">Case study: Norfund\u2019s investment in Novastar grows circular waste business in Nairobi<\/a>\n\t\t\t\t\t\t\t\t\t\t<\/h3>\n\t\t\t\t\t\t\t\t\t<\/div>\n\t\t\t\t\t\t\t\t<\/div>\n\t\t\t\t\t\t\t<\/div>\n\t\t\t\t\t\t\t\t\t\t\t\t\t<div class=\"swiper-slide\" data-aos=\"fade-right\" data-aos-duration=\"500\" data-aos-delay=\"1200\">\n\t\t\t\t\t\t\t\t<div class=\"slide-content\">\n\t\t\t\t\t\t\t\t\t<div class=\"slide-image\">\n\t\t\t\t\t\t\t\t\t\t<img decoding=\"async\" src=\"https:\/\/www.norfund.no\/wp-content\/uploads\/2025\/10\/54522948081_f0fb5b6933_k-658x439.jpg\" alt=\"Case study: Central Solar de Mocuba\">\n\t\t\t\t\t\t\t\t\t\t\t\t\t\t\t\t\t\t\t<\/div>\n\t\t\t\t\t\t\t\t\t<div class=\"slide-text\" data-aos=\"fade-down\">\n\t\t\t\t\t\t\t\t\t\t<div class=\"slide-date\">\n\t\t\t\t\t\t\t\t\t\t\t<img decoding=\"async\" src=\"https:\/\/www.norfund.no\/wp-content\/themes\/norfundweb\/src\/images\/icons\/calender.svg\" alt=\"Calendar Icon\">\n\t\t\t\t\t\t\t\t\t\t\t<span class=\"text-size-medium\"> mai 4, 2020<\/span>\n\t\t\t\t\t\t\t\t\t\t<\/div>\n\t\t\t\t\t\t\t\t\t\t<h3 class=\"slide-title\">\n\t\t\t\t\t\t\t\t\t\t\t<a href=\"https:\/\/www.norfund.no\/central-solar-de-mocuba-2\/\" class=\"text-size-big\">Case study: Central Solar de Mocuba<\/a>\n\t\t\t\t\t\t\t\t\t\t<\/h3>\n\t\t\t\t\t\t\t\t\t<\/div>\n\t\t\t\t\t\t\t\t<\/div>\n\t\t\t\t\t\t\t<\/div>\n\t\t\t\t\t\t\t\t\t\t\t\t\t<div class=\"swiper-slide\" data-aos=\"fade-right\" data-aos-duration=\"500\" data-aos-delay=\"1500\">\n\t\t\t\t\t\t\t\t<div class=\"slide-content\">\n\t\t\t\t\t\t\t\t\t<div class=\"slide-image\">\n\t\t\t\t\t\t\t\t\t\t<img decoding=\"async\" src=\"https:\/\/www.norfund.no\/wp-content\/uploads\/2020\/04\/getty-images-1eHnC0Rf8A0-unsplash-658x370.jpg\" alt=\"Case study: Funding accessible pharmacy care\">\n\t\t\t\t\t\t\t\t\t\t\t\t\t\t\t\t\t\t\t<\/div>\n\t\t\t\t\t\t\t\t\t<div class=\"slide-text\" data-aos=\"fade-down\">\n\t\t\t\t\t\t\t\t\t\t<div class=\"slide-date\">\n\t\t\t\t\t\t\t\t\t\t\t<img decoding=\"async\" src=\"https:\/\/www.norfund.no\/wp-content\/themes\/norfundweb\/src\/images\/icons\/calender.svg\" alt=\"Calendar Icon\">\n\t\t\t\t\t\t\t\t\t\t\t<span class=\"text-size-medium\"> april 28, 2020<\/span>\n\t\t\t\t\t\t\t\t\t\t<\/div>\n\t\t\t\t\t\t\t\t\t\t<h3 class=\"slide-title\">\n\t\t\t\t\t\t\t\t\t\t\t<a href=\"https:\/\/www.norfund.no\/fanisi-case-study\/\" class=\"text-size-big\">Case study: Funding accessible pharmacy care<\/a>\n\t\t\t\t\t\t\t\t\t\t<\/h3>\n\t\t\t\t\t\t\t\t\t<\/div>\n\t\t\t\t\t\t\t\t<\/div>\n\t\t\t\t\t\t\t<\/div>\n\t\t\t\t\t\t\t\t\t\t\t\t\t<div class=\"swiper-slide\" data-aos=\"fade-right\" data-aos-duration=\"500\" data-aos-delay=\"1800\">\n\t\t\t\t\t\t\t\t<div class=\"slide-content\">\n\t\t\t\t\t\t\t\t\t<div class=\"slide-image\">\n\t\t\t\t\t\t\t\t\t\t<img decoding=\"async\" src=\"https:\/\/www.norfund.no\/wp-content\/uploads\/2025\/08\/Marginpar-Kariki-September-2019-41-Sala-Photo-ID-294696-1-658x439.jpg\" alt=\"Case study: Growing people growing flowers\">\n\t\t\t\t\t\t\t\t\t\t\t\t\t\t\t\t\t\t\t<\/div>\n\t\t\t\t\t\t\t\t\t<div class=\"slide-text\" data-aos=\"fade-down\">\n\t\t\t\t\t\t\t\t\t\t<div class=\"slide-date\">\n\t\t\t\t\t\t\t\t\t\t\t<img decoding=\"async\" src=\"https:\/\/www.norfund.no\/wp-content\/themes\/norfundweb\/src\/images\/icons\/calender.svg\" alt=\"Calendar Icon\">\n\t\t\t\t\t\t\t\t\t\t\t<span class=\"text-size-medium\"> januar 14, 2020<\/span>\n\t\t\t\t\t\t\t\t\t\t<\/div>\n\t\t\t\t\t\t\t\t\t\t<h3 class=\"slide-title\">\n\t\t\t\t\t\t\t\t\t\t\t<a href=\"https:\/\/www.norfund.no\/we-grow-people-our-people-grow-flowers\/\" class=\"text-size-big\">Case study: Growing people growing flowers<\/a>\n\t\t\t\t\t\t\t\t\t\t<\/h3>\n\t\t\t\t\t\t\t\t\t<\/div>\n\t\t\t\t\t\t\t\t<\/div>\n\t\t\t\t\t\t\t<\/div>\n\t\t\t\t\t\t\t\t\t\t\t\t\t<div class=\"swiper-slide\" data-aos=\"fade-right\" data-aos-duration=\"500\" data-aos-delay=\"2100\">\n\t\t\t\t\t\t\t\t<div class=\"slide-content\">\n\t\t\t\t\t\t\t\t\t<div class=\"slide-image\">\n\t\t\t\t\t\t\t\t\t\t<img decoding=\"async\" src=\"https:\/\/www.norfund.no\/wp-content\/uploads\/2020\/01\/i-baihaqi-krTIJvceH9Y-unsplash-658x304.jpg\" alt=\"Case study: Fresh vegetables from East Africa to Europe\">\n\t\t\t\t\t\t\t\t\t\t\t\t\t\t\t\t\t\t\t<\/div>\n\t\t\t\t\t\t\t\t\t<div class=\"slide-text\" data-aos=\"fade-down\">\n\t\t\t\t\t\t\t\t\t\t<div class=\"slide-date\">\n\t\t\t\t\t\t\t\t\t\t\t<img decoding=\"async\" src=\"https:\/\/www.norfund.no\/wp-content\/themes\/norfundweb\/src\/images\/icons\/calender.svg\" alt=\"Calendar Icon\">\n\t\t\t\t\t\t\t\t\t\t\t<span class=\"text-size-medium\"> januar 13, 2020<\/span>\n\t\t\t\t\t\t\t\t\t\t<\/div>\n\t\t\t\t\t\t\t\t\t\t<h3 class=\"slide-title\">\n\t\t\t\t\t\t\t\t\t\t\t<a href=\"https:\/\/www.norfund.no\/fresh-fruit-and-vegetables-from-east-africa-to-europe\/\" class=\"text-size-big\">Case study: Fresh vegetables from East Africa to Europe<\/a>\n\t\t\t\t\t\t\t\t\t\t<\/h3>\n\t\t\t\t\t\t\t\t\t<\/div>\n\t\t\t\t\t\t\t\t<\/div>\n\t\t\t\t\t\t\t<\/div>\n\t\t\t\t\t\t\t\t\t\t\t\t\t<div class=\"swiper-slide\" data-aos=\"fade-right\" data-aos-duration=\"500\" data-aos-delay=\"2400\">\n\t\t\t\t\t\t\t\t<div class=\"slide-content\">\n\t\t\t\t\t\t\t\t\t<div class=\"slide-image\">\n\t\t\t\t\t\t\t\t\t\t<img decoding=\"async\" src=\"https:\/\/www.norfund.no\/wp-content\/uploads\/2020\/01\/mick-haupt-iYuEBbWOrFY-unsplash-658x439.jpg\" alt=\"Case study: Increasing access to finance in Uganda\">\n\t\t\t\t\t\t\t\t\t\t\t\t\t\t\t\t\t\t\t<\/div>\n\t\t\t\t\t\t\t\t\t<div class=\"slide-text\" data-aos=\"fade-down\">\n\t\t\t\t\t\t\t\t\t\t<div class=\"slide-date\">\n\t\t\t\t\t\t\t\t\t\t\t<img decoding=\"async\" src=\"https:\/\/www.norfund.no\/wp-content\/themes\/norfundweb\/src\/images\/icons\/calender.svg\" alt=\"Calendar Icon\">\n\t\t\t\t\t\t\t\t\t\t\t<span class=\"text-size-medium\"> januar 10, 2020<\/span>\n\t\t\t\t\t\t\t\t\t\t<\/div>\n\t\t\t\t\t\t\t\t\t\t<h3 class=\"slide-title\">\n\t\t\t\t\t\t\t\t\t\t\t<a href=\"https:\/\/www.norfund.no\/dfcu-bank-increased-financial-access\/\" class=\"text-size-big\">Case study: Increasing access to finance in Uganda<\/a>\n\t\t\t\t\t\t\t\t\t\t<\/h3>\n\t\t\t\t\t\t\t\t\t<\/div>\n\t\t\t\t\t\t\t\t<\/div>\n\t\t\t\t\t\t\t<\/div>\n\t\t\t\t\t\t\t\t\t\t\t\t\t<div class=\"swiper-slide\" data-aos=\"fade-right\" data-aos-duration=\"500\" data-aos-delay=\"2700\">\n\t\t\t\t\t\t\t\t<div class=\"slide-content\">\n\t\t\t\t\t\t\t\t\t<div class=\"slide-image\">\n\t\t\t\t\t\t\t\t\t\t<img decoding=\"async\" src=\"https:\/\/www.norfund.no\/wp-content\/uploads\/2020\/01\/gyh-658x387.jpg\" alt=\"Case study: The first equity fund in Angola\">\n\t\t\t\t\t\t\t\t\t\t\t\t\t\t\t\t\t\t\t<\/div>\n\t\t\t\t\t\t\t\t\t<div class=\"slide-text\" data-aos=\"fade-down\">\n\t\t\t\t\t\t\t\t\t\t<div class=\"slide-date\">\n\t\t\t\t\t\t\t\t\t\t\t<img decoding=\"async\" src=\"https:\/\/www.norfund.no\/wp-content\/themes\/norfundweb\/src\/images\/icons\/calender.svg\" alt=\"Calendar Icon\">\n\t\t\t\t\t\t\t\t\t\t\t<span class=\"text-size-medium\"> januar 10, 2020<\/span>\n\t\t\t\t\t\t\t\t\t\t<\/div>\n\t\t\t\t\t\t\t\t\t\t<h3 class=\"slide-title\">\n\t\t\t\t\t\t\t\t\t\t\t<a href=\"https:\/\/www.norfund.no\/fipa-the-first-private-equity-fund-in-angola\/\" class=\"text-size-big\">Case study: The first equity fund in Angola<\/a>\n\t\t\t\t\t\t\t\t\t\t<\/h3>\n\t\t\t\t\t\t\t\t\t<\/div>\n\t\t\t\t\t\t\t\t<\/div>\n\t\t\t\t\t\t\t<\/div>\n\t\t\t\t\t\t\t\t\t\t\t\t\t<div class=\"swiper-slide\" data-aos=\"fade-right\" data-aos-duration=\"500\" data-aos-delay=\"3000\">\n\t\t\t\t\t\t\t\t<div class=\"slide-content\">\n\t\t\t\t\t\t\t\t\t<div class=\"slide-image\">\n\t\t\t\t\t\t\t\t\t\t<img decoding=\"async\" src=\"https:\/\/www.norfund.no\/wp-content\/uploads\/2020\/01\/antoine-pluss-MsKv6HCQ0F0-unsplash-457x439.jpg\" alt=\"Case study: Empowering local communities In Uganda\">\n\t\t\t\t\t\t\t\t\t\t\t\t\t\t\t\t\t\t\t<\/div>\n\t\t\t\t\t\t\t\t\t<div class=\"slide-text\" data-aos=\"fade-down\">\n\t\t\t\t\t\t\t\t\t\t<div class=\"slide-date\">\n\t\t\t\t\t\t\t\t\t\t\t<img decoding=\"async\" src=\"https:\/\/www.norfund.no\/wp-content\/themes\/norfundweb\/src\/images\/icons\/calender.svg\" alt=\"Calendar Icon\">\n\t\t\t\t\t\t\t\t\t\t\t<span class=\"text-size-medium\"> januar 9, 2020<\/span>\n\t\t\t\t\t\t\t\t\t\t<\/div>\n\t\t\t\t\t\t\t\t\t\t<h3 class=\"slide-title\">\n\t\t\t\t\t\t\t\t\t\t\t<a href=\"https:\/\/www.norfund.no\/rwimi\/\" class=\"text-size-big\">Case study: Empowering local communities In Uganda<\/a>\n\t\t\t\t\t\t\t\t\t\t<\/h3>\n\t\t\t\t\t\t\t\t\t<\/div>\n\t\t\t\t\t\t\t\t<\/div>\n\t\t\t\t\t\t\t<\/div>\n\t\t\t\t\t\t\t\t\t\t\t\t\t<div class=\"swiper-slide\" data-aos=\"fade-right\" data-aos-duration=\"500\" data-aos-delay=\"3300\">\n\t\t\t\t\t\t\t\t<div class=\"slide-content\">\n\t\t\t\t\t\t\t\t\t<div class=\"slide-image\">\n\t\t\t\t\t\t\t\t\t\t<img decoding=\"async\" src=\"https:\/\/www.norfund.no\/wp-content\/uploads\/2020\/01\/51846353244_333825b27e_k-658x370.jpg\" alt=\"Case study: Banking the unbanked in Kenya\">\n\t\t\t\t\t\t\t\t\t\t\t\t\t\t\t\t\t\t\t<\/div>\n\t\t\t\t\t\t\t\t\t<div class=\"slide-text\" data-aos=\"fade-down\">\n\t\t\t\t\t\t\t\t\t\t<div class=\"slide-date\">\n\t\t\t\t\t\t\t\t\t\t\t<img decoding=\"async\" src=\"https:\/\/www.norfund.no\/wp-content\/themes\/norfundweb\/src\/images\/icons\/calender.svg\" alt=\"Calendar Icon\">\n\t\t\t\t\t\t\t\t\t\t\t<span class=\"text-size-medium\"> januar 9, 2020<\/span>\n\t\t\t\t\t\t\t\t\t\t<\/div>\n\t\t\t\t\t\t\t\t\t\t<h3 class=\"slide-title\">\n\t\t\t\t\t\t\t\t\t\t\t<a href=\"https:\/\/www.norfund.no\/banking-the-unbanked\/\" class=\"text-size-big\">Case study: Banking the unbanked in Kenya<\/a>\n\t\t\t\t\t\t\t\t\t\t<\/h3>\n\t\t\t\t\t\t\t\t\t<\/div>\n\t\t\t\t\t\t\t\t<\/div>\n\t\t\t\t\t\t\t<\/div>\n\t\t\t\t\t\t\t\t\t\t\t<\/div>\n\n\t\t\t\t<\/div>\n\t\t\t\t<!-- \t<div class=\"button-container\">\n\t\t\t\t\t<div class=\"slider-progress\">\n\t\t\t\t\t\t<div class=\"progress-bar\"><\/div>\n\t\t\t\t\t<\/div>\n\t\t\t\t\t<div class=\"slider-navigation\">\n\t\t\t\t\t\t<div class=\"swiper-button-prev\"><span class=\"icon icon-arrow-left\"><\/span><\/div>\n\t\t\t\t\t\t<div class=\"swiper-button-next\"><span class=\"icon icon-arrow-left\"><\/span><\/div>\n\t\t\t\t\t<\/div>\n\t\t\t\t<\/div> -->\n\t\t\t\t\t<\/div>\n\t<\/div>\n<\/section>\n\n\n<section id=\"acf-box-over-wide-image-block_27e21a6224e95dcd2a7fa6a98994ec10\" data-anchor-title=\"Nyhetsarkiv\"class=\"block-section box-over-wide-image wp-block-acf-box-over-wide-image\">\n\t<div class=\"background is-desktop top\"\n\t\tstyle=\"background-image: url(https:\/\/www.norfund.no\/wp-content\/uploads\/2025\/10\/Abler-Nordic-India-part-3-31-2560x1710.jpg); background-position: center calc(50% + 120px); data-aos=\"fade-up\" data-aos-duration=\"500\" data-aos-delay=\"200\">\n\t\t\n\t\t<div class=\"block-section-wrapper element-width--full container\">\n\t\t\t<div class=\"investment-box right\" tabindex=\"0\" data-aos=\"fade-up\" data-aos-duration=\"500\" data-aos-delay=\"400\">\n\t\t\t\t\t\t\t\t\t<h2 class=\"heading-size-normal\">Les om investeringene v\u00e5re<\/h2>\n\t\t\t\t\t\t\t\t\t\t\t\t\t<div class=\"text-container\"><p>Arkivet v\u00e5rt best\u00e5r av interessante artikler om investeringene vi gj\u00f8r.<\/p>\n<\/div>\n\t\t\t\t\t\t\t\t\t\t\t\t\t<a class=\"stm-button link-btn\" href=\"https:\/\/www.norfund.no\/no\/news-archive\/\" target=\"_self\">Nyhetsarkiv<\/a>\n\t\t\t\t\t\t\t<\/div>\n\t\t<\/div>\n\t<\/div>\n<\/section>","protected":false},"excerpt":{"rendered":"","protected":false},"author":1,"featured_media":0,"parent":0,"menu_order":18,"comment_status":"closed","ping_status":"closed","template":"","meta":{"_acf_changed":true,"footnotes":""},"class_list":["post-27281","page","type-page","status-publish","hentry"],"acf":[],"_links":{"self":[{"href":"https:\/\/www.norfund.no\/no\/wp-json\/wp\/v2\/pages\/27281","targetHints":{"allow":["GET"]}}],"collection":[{"href":"https:\/\/www.norfund.no\/no\/wp-json\/wp\/v2\/pages"}],"about":[{"href":"https:\/\/www.norfund.no\/no\/wp-json\/wp\/v2\/types\/page"}],"author":[{"embeddable":true,"href":"https:\/\/www.norfund.no\/no\/wp-json\/wp\/v2\/users\/1"}],"replies":[{"embeddable":true,"href":"https:\/\/www.norfund.no\/no\/wp-json\/wp\/v2\/comments?post=27281"}],"version-history":[{"count":0,"href":"https:\/\/www.norfund.no\/no\/wp-json\/wp\/v2\/pages\/27281\/revisions"}],"wp:attachment":[{"href":"https:\/\/www.norfund.no\/no\/wp-json\/wp\/v2\/media?parent=27281"}],"curies":[{"name":"wp","href":"https:\/\/api.w.org\/{rel}","templated":true}]}}